{"id":349,"date":"2020-10-20T23:53:15","date_gmt":"2020-10-20T23:53:15","guid":{"rendered":"http:\/\/alquilepe.es\/?page_id=349"},"modified":"2020-10-21T10:47:29","modified_gmt":"2020-10-21T10:47:29","slug":"placas-de-hormigon","status":"publish","type":"page","link":"https:\/\/alquilepe.es\/?page_id=349","title":{"rendered":"Placas de hormig\u00f3n"},"content":{"rendered":"\n<p>Para ofrecer un servicio r\u00e1pido, eficiente y de calidad, nuestra empresa cuenta con una planta de hormig\u00f3n en nuestra instalaciones.<\/p>\n\n\n\n<p>Tambi\u00e9n disponemos de una mesa de 48 metros de longitud para la fabricaci\u00f3n de placas de hormig\u00f3n tanto, para la construcci\u00f3n como para el cerramiento de propiedades.<\/p>\n\n\n\n<div class=\"wp-block-columns\">\n<div class=\"wp-block-column\">\n<figure class=\"wp-block-image size-large\"><img loading=\"lazy\" width=\"920\" height=\"399\" src=\"http:\/\/alquilepe.es\/wp-content\/uploads\/2020\/10\/cache_2490673692.jpeg\" alt=\"\" class=\"wp-image-413\" srcset=\"https:\/\/alquilepe.es\/wp-content\/uploads\/2020\/10\/cache_2490673692.jpeg 920w, https:\/\/alquilepe.es\/wp-content\/uploads\/2020\/10\/cache_2490673692-300x130.jpeg 300w, https:\/\/alquilepe.es\/wp-content\/uploads\/2020\/10\/cache_2490673692-768x333.jpeg 768w\" sizes=\"(max-width: 920px) 100vw, 920px\" \/><\/figure>\n<\/div>\n\n\n\n<div class=\"wp-block-column\">\n<figure class=\"wp-block-image size-large\"><img loading=\"lazy\" width=\"920\" height=\"690\" src=\"http:\/\/alquilepe.es\/wp-content\/uploads\/2020\/10\/cache_2490673700.jpeg\" alt=\"\" class=\"wp-image-414\" srcset=\"https:\/\/alquilepe.es\/wp-content\/uploads\/2020\/10\/cache_2490673700.jpeg 920w, https:\/\/alquilepe.es\/wp-content\/uploads\/2020\/10\/cache_2490673700-300x225.jpeg 300w, https:\/\/alquilepe.es\/wp-content\/uploads\/2020\/10\/cache_2490673700-768x576.jpeg 768w\" sizes=\"(max-width: 920px) 100vw, 920px\" \/><\/figure>\n<\/div>\n<\/div>\n\n\n\n<p><\/p>\n","protected":false},"excerpt":{"rendered":"<p>Para ofrecer un servicio r\u00e1pido, eficiente y de calidad, nuestra empresa cuenta con una planta de hormig\u00f3n en nuestra instalaciones. Tambi\u00e9n disponemos de una mesa de 48 metros de longitud para la fabricaci\u00f3n de placas de hormig\u00f3n tanto, para la construcci\u00f3n como para el cerramiento de propiedades.<\/p>\n","protected":false},"author":1,"featured_media":0,"parent":0,"menu_order":0,"comment_status":"closed","ping_status":"closed","template":"","meta":[],"_links":{"self":[{"href":"https:\/\/alquilepe.es\/index.php?rest_route=\/wp\/v2\/pages\/349"}],"collection":[{"href":"https:\/\/alquilepe.es\/index.php?rest_route=\/wp\/v2\/pages"}],"about":[{"href":"https:\/\/alquilepe.es\/index.php?rest_route=\/wp\/v2\/types\/page"}],"author":[{"embeddable":true,"href":"https:\/\/alquilepe.es\/index.php?rest_route=\/wp\/v2\/users\/1"}],"replies":[{"embeddable":true,"href":"https:\/\/alquilepe.es\/index.php?rest_route=%2Fwp%2Fv2%2Fcomments&post=349"}],"version-history":[{"count":2,"href":"https:\/\/alquilepe.es\/index.php?rest_route=\/wp\/v2\/pages\/349\/revisions"}],"predecessor-version":[{"id":415,"href":"https:\/\/alquilepe.es\/index.php?rest_route=\/wp\/v2\/pages\/349\/revisions\/415"}],"wp:attachment":[{"href":"https:\/\/alquilepe.es\/index.php?rest_route=%2Fwp%2Fv2%2Fmedia&parent=349"}],"curies":[{"name":"wp","href":"https:\/\/api.w.org\/{rel}","templated":true}]}}