{"id":347,"date":"2020-10-20T23:53:00","date_gmt":"2020-10-20T23:53:00","guid":{"rendered":"http:\/\/alquilepe.es\/?page_id=347"},"modified":"2020-10-21T10:44:12","modified_gmt":"2020-10-21T10:44:12","slug":"panel-sandwich","status":"publish","type":"page","link":"https:\/\/alquilepe.es\/?page_id=347","title":{"rendered":"Panel s\u00e1ndwich"},"content":{"rendered":"\n<p>Para convertir sus proyectos en realidad,&nbsp;ponemos todo nuestro empe\u00f1o en que la vivienda en construcci\u00f3n llegue a ser su hogar; usted se beneficia de un asesoramiento \u00edntegro y&nbsp;de un amplio abanico de prestaciones con total garant\u00eda, y dise\u00f1ados para ajustarse a sus necesidades.&nbsp;Le ayudaremos a planificar su \u00e9xito.<\/p>\n\n\n\n<h2>Nuestros servicios<\/h2>\n\n\n\n<ul><li>Propuesta econ\u00f3mica basada en el an\u00e1lisis detallado del proyecto, sea construcci\u00f3n nueva o reforma y de acuerdo con la normativa vigente.<\/li><li>Estudio del proyecto, teniendo en cuenta aspectos funcionales y est\u00e9ticos, realizaci\u00f3n de planos,&nbsp; tr\u00e1mites administrativos y elaboraci\u00f3n de un plan de mantenimiento de la instalaci\u00f3n una vez finalizada la obra.<\/li><li>Le asesoramos en todo momento sobre cualquier aspecto de su proyecto.<\/li><\/ul>\n\n\n\n<style id=\"bwg-style-0\">    #bwg_container1_0 #bwg_container2_0 .bwg-container-0.bwg-standard-thumbnails {      width: 1254px;              justify-content: center;        margin:0 auto !important;              background-color: rgba(255, 255, 255, 0.00);            padding-left: 4px;      padding-top: 4px;      max-width: 100%;            }        #bwg_container1_0 #bwg_container2_0 .bwg-container-0.bwg-standard-thumbnails .bwg-item {      justify-content: flex-start;      max-width: 250px;          }    #bwg_container1_0 #bwg_container2_0 .bwg-container-0.bwg-standard-thumbnails .bwg-item > a {       margin-right: 4px;       margin-bottom: 4px;    }    #bwg_container1_0 #bwg_container2_0 .bwg-container-0.bwg-standard-thumbnails .bwg-item0 {      padding: 0px;            background-color:rgba(0,0,0, 0.30);      border: 0px none #CCCCCC;      opacity: 1.00;      border-radius: 0;      box-shadow: ;    }    #bwg_container1_0 #bwg_container2_0 .bwg-container-0.bwg-standard-thumbnails .bwg-item1 img {      max-height: none;      max-width: none;      padding: 0 !important;    }         @media only screen and (min-width: 480px) {\t\t#bwg_container1_0 #bwg_container2_0 .bwg-container-0.bwg-standard-thumbnails .bwg-item1 img {\t\t\t-webkit-transition: all .3s; transition: all .3s;\t\t}\t\t#bwg_container1_0 #bwg_container2_0 .bwg-container-0.bwg-standard-thumbnails .bwg-item1 img:hover {\t\t\t-ms-transform: scale(1.08);\t\t\t-webkit-transform: scale(1.08);\t\t\ttransform: scale(1.08);\t\t}\t\t\t\t.bwg-standard-thumbnails .bwg-zoom-effect .bwg-zoom-effect-overlay {\t\t\t\t\t\tbackground-color:rgba(0,0,0, 0.3);\t\t}\t\t.bwg-standard-thumbnails .bwg-zoom-effect:hover img {\t\t\t-ms-transform: scale(1.08);\t\t\t-webkit-transform: scale(1.08);\t\t\ttransform: scale(1.08);\t\t}\t\t      }\t    #bwg_container1_0 #bwg_container2_0 .bwg-container-0.bwg-standard-thumbnails .bwg-item1 {      padding-top: 56%;    }        #bwg_container1_0 #bwg_container2_0 .bwg-container-0.bwg-standard-thumbnails .bwg-title1 {      position: absolute;      top: 0;      z-index: 100;      width: 100%;      height: 100%;      display: flex;      justify-content: center;      align-content: center;      flex-direction: column;      opacity: 0;    }\t      #bwg_container1_0 #bwg_container2_0 .bwg-container-0.bwg-standard-thumbnails .bwg-title2,    #bwg_container1_0 #bwg_container2_0 .bwg-container-0.bwg-standard-thumbnails .bwg-ecommerce2 {      color: #FFFFFF;      font-family: Ubuntu;      font-size: 16px;      font-weight: bold;      padding: 2px;      text-shadow: ;      max-height: 100%;    }    #bwg_container1_0 #bwg_container2_0 .bwg-container-0.bwg-standard-thumbnails .bwg-thumb-description span {    color: #323A45;    font-family: Ubuntu;    font-size: 12px;    max-height: 100%;    word-wrap: break-word;    }    #bwg_container1_0 #bwg_container2_0 .bwg-container-0.bwg-standard-thumbnails .bwg-play-icon2 {      font-size: 32px;    }    #bwg_container1_0 #bwg_container2_0 .bwg-container-0.bwg-standard-thumbnails .bwg-ecommerce2 {      font-size: 19.2px;      color: #323A45;    }    <\/style>    <div id=\"bwg_container1_0\"         class=\"bwg_container bwg_thumbnail bwg_thumbnails\"         data-right-click-protection=\"1\"         data-bwg=\"0\"         data-current-url=\"https:\/\/alquilepe.es\/index.php?rest_route=%2Fwp%2Fv2%2Fpages%2F347\"         data-lightbox-url=\"https:\/\/alquilepe.es\/wp-admin\/admin-ajax.php?action=GalleryBox&current_view=0&gallery_id=6&tag=0&theme_id=1&shortcode_id=12&sort_by=order&order_by=asc&current_url=https%3A%2F%2Falquilepe.es%2Findex.php%3Frest_route%3D%252Fwp%252Fv2%252Fpages%252F347\"         data-gallery-id=\"6\"         data-popup-width=\"800\"         data-popup-height=\"500\"         data-buttons-position=\"bottom\">      <div id=\"bwg_container2_0\">             <div id=\"ajax_loading_0\" class=\"bwg_loading_div_1\">      <div class=\"bwg_loading_div_2\">        <div class=\"bwg_loading_div_3\">          <div id=\"loading_div_0\" class=\"bwg_spider_ajax_loading\">          <\/div>        <\/div>      <\/div>    <\/div>            <form id=\"gal_front_form_0\"              class=\"bwg-hidden\"              method=\"post\"              action=\"#\"              data-current=\"0\"              data-shortcode-id=\"12\"              data-gallery-type=\"thumbnails\"              data-gallery-id=\"6\"              data-tag=\"0\"              data-album-id=\"0\"              data-theme-id=\"1\"              data-ajax-url=\"https:\/\/alquilepe.es\/wp-admin\/admin-ajax.php?action=bwg_frontend_data\">          <div id=\"bwg_container3_0\" class=\"bwg-background bwg-background-0\">                <div data-max-count=\"5\"         data-thumbnail-width=\"250\"         data-bwg=\"0\"         data-gallery-id=\"6\"         data-lightbox-url=\"https:\/\/alquilepe.es\/wp-admin\/admin-ajax.php?action=GalleryBox&current_view=0&gallery_id=6&tag=0&theme_id=1&shortcode_id=12&sort_by=order&order_by=asc&current_url=https%3A%2F%2Falquilepe.es%2Findex.php%3Frest_route%3D%252Fwp%252Fv2%252Fpages%252F347\"         id=\"bwg_thumbnails_0\"         class=\"bwg-container-0 bwg-thumbnails bwg-standard-thumbnails bwg-container bwg-border-box\">            <div class=\"bwg-item\">        <a class=\"bwg-a bwg_lightbox\"  data-image-id=\"183\" href=\"https:\/\/alquilepe.es\/wp-content\/uploads\/photo-gallery\/panel_sandwich\/cache_2490673718.jpg?bwg=1603277023\">                <div class=\"bwg-item0  lazy_loader \">          <div class=\"bwg-item1 bwg-zoom-effect\">            <div class=\"bwg-item2\">              <img class=\"skip-lazy bwg_standart_thumb_img_0  bwg_lazyload \"                   data-id=\"183\"                   data-width=\"920\"                   data-height=\"690\"                   data-original=\"https:\/\/alquilepe.es\/wp-content\/uploads\/photo-gallery\/panel_sandwich\/thumb\/cache_2490673718.jpg?bwg=1603277023\"                   src=\"https:\/\/alquilepe.es\/wp-content\/plugins\/photo-gallery\/images\/lazy_placeholder.gif\"                   alt=\"\" \/>            <\/div>            <div class=\"bwg-zoom-effect-overlay\">              <div class=\"bwg-title1\"><div class=\"bwg-title2\">&nbsp;<\/div><\/div>                                        <\/div>          <\/div>        <\/div>                                <\/a>      <\/div>            <div class=\"bwg-item\">        <a class=\"bwg-a bwg_lightbox\"  data-image-id=\"182\" href=\"https:\/\/alquilepe.es\/wp-content\/uploads\/photo-gallery\/panel_sandwich\/cache_2490673709.jpg?bwg=1603277023\">                <div class=\"bwg-item0  lazy_loader \">          <div class=\"bwg-item1 bwg-zoom-effect\">            <div class=\"bwg-item2\">              <img class=\"skip-lazy bwg_standart_thumb_img_0  bwg_lazyload \"                   data-id=\"182\"                   data-width=\"920\"                   data-height=\"690\"                   data-original=\"https:\/\/alquilepe.es\/wp-content\/uploads\/photo-gallery\/panel_sandwich\/thumb\/cache_2490673709.jpg?bwg=1603277023\"                   src=\"https:\/\/alquilepe.es\/wp-content\/plugins\/photo-gallery\/images\/lazy_placeholder.gif\"                   alt=\"\" \/>            <\/div>            <div class=\"bwg-zoom-effect-overlay\">              <div class=\"bwg-title1\"><div class=\"bwg-title2\">&nbsp;<\/div><\/div>                                        <\/div>          <\/div>        <\/div>                                <\/a>      <\/div>            <div class=\"bwg-item\">        <a class=\"bwg-a bwg_lightbox\"  data-image-id=\"181\" href=\"https:\/\/alquilepe.es\/wp-content\/uploads\/photo-gallery\/panel_sandwich\/cache_2490673757.jpg?bwg=1603277023\">                <div class=\"bwg-item0  lazy_loader \">          <div class=\"bwg-item1 bwg-zoom-effect\">            <div class=\"bwg-item2\">              <img class=\"skip-lazy bwg_standart_thumb_img_0  bwg_lazyload \"                   data-id=\"181\"                   data-width=\"920\"                   data-height=\"690\"                   data-original=\"https:\/\/alquilepe.es\/wp-content\/uploads\/photo-gallery\/panel_sandwich\/thumb\/cache_2490673757.jpg?bwg=1603277023\"                   src=\"https:\/\/alquilepe.es\/wp-content\/plugins\/photo-gallery\/images\/lazy_placeholder.gif\"                   alt=\"\" \/>            <\/div>            <div class=\"bwg-zoom-effect-overlay\">              <div class=\"bwg-title1\"><div class=\"bwg-title2\">&nbsp;<\/div><\/div>                                        <\/div>          <\/div>        <\/div>                                <\/a>      <\/div>          <\/div>    <style>      \/*pagination styles*\/      #bwg_container1_0 #bwg_container2_0 .tablenav-pages_0 {      text-align: center;      font-size: 12px;      font-family: Ubuntu;      font-weight: bold;      color: #666666;      margin: 6px 0 4px;      display: block;      height: 30px;      line-height: 30px;      }      @media only screen and (max-width : 320px) {      #bwg_container1_0 #bwg_container2_0 .displaying-num_0 {      display: none;      }      }      #bwg_container1_0 #bwg_container2_0 .displaying-num_0 {      font-size: 12px;      font-family: Ubuntu;      font-weight: bold;      color: #666666;      margin-right: 10px;      vertical-align: middle;      }      #bwg_container1_0 #bwg_container2_0 .paging-input_0 {      font-size: 12px;      font-family: Ubuntu;      font-weight: bold;      color: #666666;      vertical-align: middle;      }      #bwg_container1_0 #bwg_container2_0 .tablenav-pages_0 a.disabled,      #bwg_container1_0 #bwg_container2_0 .tablenav-pages_0 a.disabled:hover,      #bwg_container1_0 #bwg_container2_0 .tablenav-pages_0 a.disabled:focus {      cursor: default;      color: rgba(102, 102, 102, 0.5);      }      #bwg_container1_0 #bwg_container2_0 .tablenav-pages_0 a {      cursor: pointer;      font-size: 12px;      font-family: Ubuntu;      font-weight: bold;      color: #666666;      text-decoration: none;      padding: 3px 6px;      margin: 0;      border-radius: 0;      border-style: solid;      border-width: 1px;      border-color: #E3E3E3;      background-color: #FFFFFF;      opacity: 1.00;      box-shadow: 0;      transition: all 0.3s ease 0s;-webkit-transition: all 0.3s ease 0s;      }      <\/style>      <span class=\"bwg_nav_cont_0\">              <div class=\"tablenav-pages_0\">                  <\/div>                <input type=\"hidden\" id=\"page_number_0\" name=\"page_number_0\" value=\"1\" \/>      <script type=\"text\/javascript\">        function spider_page_0(cur, x, y, load_more) {          if (typeof load_more == \"undefined\") {            var load_more = false;          }          if (jQuery(cur).hasClass('disabled')) {            return false;          }          var items_county_0 = 1;          switch (y) {            case 1:              if (x >= items_county_0) {                document.getElementById('page_number_0').value = items_county_0;              }              else {                document.getElementById('page_number_0').value = x + 1;              }              break;            case 2:              document.getElementById('page_number_0').value = items_county_0;              break;            case -1:              if (x == 1) {                document.getElementById('page_number_0').value = 1;              }              else {                document.getElementById('page_number_0').value = x - 1;              }              break;            case -2:              document.getElementById('page_number_0').value = 1;              break;            default:              document.getElementById('page_number_0').value = 1;          }          bwg_ajax('gal_front_form_0', '0', 'bwg_thumbnails_0', '0', '', '', 0, '', '', load_more, '', 1);        }                    jQuery('.first-page-0').on('click', function () {              spider_page_0(this, 1, -2, 'numeric');              return false;            });            jQuery('.prev-page-0').on('click', function () {              spider_page_0(this, 1, -1, 'numeric');              return false;            });            jQuery('.next-page-0').on('click', function () {              spider_page_0(this, 1, 1, 'numeric');              return false;            });            jQuery('.last-page-0').on('click', function () {              spider_page_0(this, 1, 2, 'numeric');              return false;            });                jQuery('.bwg_load_btn_0').on('click', function () {            spider_page_0(this, 1, 1, true);            return false;        });      <\/script>      <\/span>                <\/div>        <\/form>          <style>          #bwg_container1_0 #bwg_container2_0 #spider_popup_overlay_0 {          background-color: #EEEEEE;          opacity: 0.60;          }          <\/style>        <div id=\"bwg_spider_popup_loading_0\" class=\"bwg_spider_popup_loading\"><\/div>        <div id=\"spider_popup_overlay_0\" class=\"spider_popup_overlay\" onclick=\"spider_destroypopup(1000)\"><\/div>        <input type=\"hidden\" id=\"bwg_random_seed_0\" value=\"1473128156\">                <\/div>    <\/div>    <script>      jQuery(function() {        bwg_main_ready();      });    <\/script>    \n","protected":false},"excerpt":{"rendered":"<p>Para convertir sus proyectos en realidad,&nbsp;ponemos todo nuestro empe\u00f1o en que la vivienda en construcci\u00f3n llegue a ser su hogar; usted se beneficia de un asesoramiento \u00edntegro y&nbsp;de un amplio abanico de prestaciones con total garant\u00eda, y dise\u00f1ados para ajustarse a sus necesidades.&nbsp;Le ayudaremos a planificar su \u00e9xito. Nuestros servicios Propuesta econ\u00f3mica basada en el [&hellip;]<\/p>\n","protected":false},"author":1,"featured_media":0,"parent":0,"menu_order":0,"comment_status":"closed","ping_status":"closed","template":"","meta":[],"_links":{"self":[{"href":"https:\/\/alquilepe.es\/index.php?rest_route=\/wp\/v2\/pages\/347"}],"collection":[{"href":"https:\/\/alquilepe.es\/index.php?rest_route=\/wp\/v2\/pages"}],"about":[{"href":"https:\/\/alquilepe.es\/index.php?rest_route=\/wp\/v2\/types\/page"}],"author":[{"embeddable":true,"href":"https:\/\/alquilepe.es\/index.php?rest_route=\/wp\/v2\/users\/1"}],"replies":[{"embeddable":true,"href":"https:\/\/alquilepe.es\/index.php?rest_route=%2Fwp%2Fv2%2Fcomments&post=347"}],"version-history":[{"count":3,"href":"https:\/\/alquilepe.es\/index.php?rest_route=\/wp\/v2\/pages\/347\/revisions"}],"predecessor-version":[{"id":412,"href":"https:\/\/alquilepe.es\/index.php?rest_route=\/wp\/v2\/pages\/347\/revisions\/412"}],"wp:attachment":[{"href":"https:\/\/alquilepe.es\/index.php?rest_route=%2Fwp%2Fv2%2Fmedia&parent=347"}],"curies":[{"name":"wp","href":"https:\/\/api.w.org\/{rel}","templated":true}]}}