{"id":339,"date":"2020-10-20T23:51:42","date_gmt":"2020-10-20T23:51:42","guid":{"rendered":"http:\/\/alquilepe.es\/?page_id=339"},"modified":"2020-10-21T10:33:37","modified_gmt":"2020-10-21T10:33:37","slug":"departamento-tecnico","status":"publish","type":"page","link":"https:\/\/alquilepe.es\/?page_id=339","title":{"rendered":"Departamento t\u00e9cnico"},"content":{"rendered":"\n<div class=\"wp-block-media-text alignwide is-stacked-on-mobile\" style=\"grid-template-columns:36% auto\"><figure class=\"wp-block-media-text__media\"><img loading=\"lazy\" width=\"500\" height=\"412\" src=\"http:\/\/alquilepe.es\/wp-content\/uploads\/2020\/10\/dt.jpg\" alt=\"\" class=\"wp-image-402\" srcset=\"https:\/\/alquilepe.es\/wp-content\/uploads\/2020\/10\/dt.jpg 500w, https:\/\/alquilepe.es\/wp-content\/uploads\/2020\/10\/dt-300x247.jpg 300w\" sizes=\"(max-width: 500px) 100vw, 500px\" \/><\/figure><div class=\"wp-block-media-text__content\">\n<p>Contamos con nuestro propio departamento t\u00e9cnico, especializado en construcci\u00f3n (arquitecto t\u00e9cnico). Este departamento es el encargado de elaborar planos, realizar mediciones y controlar la ejecuci\u00f3n in situ de cada proyecto que se realice.\u00a0<\/p>\n\n\n\n<p>De esta forma, garantizamos una ejecuci\u00f3n eficiente y minuciosa, para que cada acabado, detalle e incluso el uso de materiales, sea el adecuado y requerido por el cliente.\u00a0<\/p>\n\n\n\n<p>Con ello, ofrecemos una construcci\u00f3n personalizada, siendo el cliente el que elige su propio estilo y distribuci\u00f3n; Usted expone ante nosotros sus diferentes necesidades, nosotros nos adaptamos y lo realizamos como usted desee.<\/p>\n<\/div><\/div>\n","protected":false},"excerpt":{"rendered":"<p>Contamos con nuestro propio departamento t\u00e9cnico, especializado en construcci\u00f3n (arquitecto t\u00e9cnico). Este departamento es el encargado de elaborar planos, realizar mediciones y controlar la ejecuci\u00f3n in situ de cada proyecto que se realice.\u00a0 De esta forma, garantizamos una ejecuci\u00f3n eficiente y minuciosa, para que cada acabado, detalle e incluso el uso de materiales, sea el [&hellip;]<\/p>\n","protected":false},"author":1,"featured_media":0,"parent":0,"menu_order":0,"comment_status":"closed","ping_status":"closed","template":"","meta":[],"_links":{"self":[{"href":"https:\/\/alquilepe.es\/index.php?rest_route=\/wp\/v2\/pages\/339"}],"collection":[{"href":"https:\/\/alquilepe.es\/index.php?rest_route=\/wp\/v2\/pages"}],"about":[{"href":"https:\/\/alquilepe.es\/index.php?rest_route=\/wp\/v2\/types\/page"}],"author":[{"embeddable":true,"href":"https:\/\/alquilepe.es\/index.php?rest_route=\/wp\/v2\/users\/1"}],"replies":[{"embeddable":true,"href":"https:\/\/alquilepe.es\/index.php?rest_route=%2Fwp%2Fv2%2Fcomments&post=339"}],"version-history":[{"count":2,"href":"https:\/\/alquilepe.es\/index.php?rest_route=\/wp\/v2\/pages\/339\/revisions"}],"predecessor-version":[{"id":403,"href":"https:\/\/alquilepe.es\/index.php?rest_route=\/wp\/v2\/pages\/339\/revisions\/403"}],"wp:attachment":[{"href":"https:\/\/alquilepe.es\/index.php?rest_route=%2Fwp%2Fv2%2Fmedia&parent=339"}],"curies":[{"name":"wp","href":"https:\/\/api.w.org\/{rel}","templated":true}]}}