{"id":337,"date":"2020-10-20T23:51:23","date_gmt":"2020-10-20T23:51:23","guid":{"rendered":"http:\/\/alquilepe.es\/?page_id=337"},"modified":"2020-10-21T10:28:35","modified_gmt":"2020-10-21T10:28:35","slug":"transportes","status":"publish","type":"page","link":"https:\/\/alquilepe.es\/?page_id=337","title":{"rendered":"Transportes"},"content":{"rendered":"\n<p>Alquilepe pone a su disposici\u00f3n una serie de camiones para realizar cualquier labor de transporte y colocaci\u00f3n de nuestros productos.<\/p>\n\n\n\n<p>Colaboramos de forma activa con la empresa de transportes <strong>Transportes Lepe Marina S.L<\/strong>, una empresa que podr\u00e1 brindarle sus a\u00f1os de experiencia para que sus productos sean emplazados en tiempo y forma r\u00e9cord.<\/p>\n\n\n\n<hr class=\"wp-block-separator is-style-wide\"\/>\n\n\n\n<h2>Nuestros camiones<\/h2>\n\n\n\n<div class=\"wp-block-media-text alignwide is-stacked-on-mobile\" style=\"grid-template-columns:36% auto\"><figure class=\"wp-block-media-text__media\"><img loading=\"lazy\" width=\"800\" height=\"548\" src=\"http:\/\/alquilepe.es\/wp-content\/uploads\/2020\/10\/1.jpeg\" alt=\"\" class=\"wp-image-395\" srcset=\"https:\/\/alquilepe.es\/wp-content\/uploads\/2020\/10\/1.jpeg 800w, https:\/\/alquilepe.es\/wp-content\/uploads\/2020\/10\/1-300x206.jpeg 300w, https:\/\/alquilepe.es\/wp-content\/uploads\/2020\/10\/1-768x526.jpeg 768w\" sizes=\"(max-width: 800px) 100vw, 800px\" \/><\/figure><div class=\"wp-block-media-text__content\">\n<h4>CAMI\u00d3N GRUA<\/h4>\n\n\n\n<p><strong>SCANIA<\/strong><\/p>\n\n\n\n<p>Dispone de una ba\u00f1era para transportar cargas de hasta 6 metros de longitud. Adem\u00e1s, posee una gr\u00faa que soporta hasta 7 toneladas de peso para carga y descarga, con un alcance de 3 metros<\/p>\n\n\n\n<p><\/p>\n<\/div><\/div>\n\n\n\n<br>\n\n\n\n<div class=\"wp-block-media-text alignwide is-stacked-on-mobile\" style=\"grid-template-columns:36% auto\"><figure class=\"wp-block-media-text__media\"><img loading=\"lazy\" width=\"800\" height=\"548\" src=\"http:\/\/alquilepe.es\/wp-content\/uploads\/2020\/10\/2.jpeg\" alt=\"\" class=\"wp-image-396\" srcset=\"https:\/\/alquilepe.es\/wp-content\/uploads\/2020\/10\/2.jpeg 800w, https:\/\/alquilepe.es\/wp-content\/uploads\/2020\/10\/2-300x206.jpeg 300w, https:\/\/alquilepe.es\/wp-content\/uploads\/2020\/10\/2-768x526.jpeg 768w\" sizes=\"(max-width: 800px) 100vw, 800px\" \/><\/figure><div class=\"wp-block-media-text__content\">\n<h4>CAMI\u00d3N CON G\u00d3NDOLA<\/h4>\n\n\n\n<p><strong>MAN<\/strong><\/p>\n\n\n\n<p>Para los transportes m\u00e1s exigentes, disponemos de este cami\u00f3n MAN, capaz de transportar cargas descomunales y con total seguridad.<\/p>\n<\/div><\/div>\n\n\n\n<br>\n\n\n\n<div class=\"wp-block-media-text alignwide is-stacked-on-mobile\" style=\"grid-template-columns:36% auto\"><figure class=\"wp-block-media-text__media\"><img loading=\"lazy\" width=\"800\" height=\"601\" src=\"http:\/\/alquilepe.es\/wp-content\/uploads\/2020\/10\/3.jpg\" alt=\"\" class=\"wp-image-397\" srcset=\"https:\/\/alquilepe.es\/wp-content\/uploads\/2020\/10\/3.jpg 800w, https:\/\/alquilepe.es\/wp-content\/uploads\/2020\/10\/3-300x225.jpg 300w, https:\/\/alquilepe.es\/wp-content\/uploads\/2020\/10\/3-768x577.jpg 768w\" sizes=\"(max-width: 800px) 100vw, 800px\" \/><\/figure><div class=\"wp-block-media-text__content\">\n<h4>GR\u00daA 40 TONELADAS<\/h4>\n\n\n\n<p>Gracias a su pluma, este cami\u00f3n puede realizar colocaciones exactas, adem\u00e1s de brindar la posibilidad de realizar desplazamientos de m\u00f3dulos y maquinaria pesada.<\/p>\n<\/div><\/div>\n","protected":false},"excerpt":{"rendered":"<p>Alquilepe pone a su disposici\u00f3n una serie de camiones para realizar cualquier labor de transporte y colocaci\u00f3n de nuestros productos. Colaboramos de forma activa con la empresa de transportes Transportes Lepe Marina S.L, una empresa que podr\u00e1 brindarle sus a\u00f1os de experiencia para que sus productos sean emplazados en tiempo y forma r\u00e9cord. Nuestros camiones [&hellip;]<\/p>\n","protected":false},"author":1,"featured_media":0,"parent":0,"menu_order":0,"comment_status":"closed","ping_status":"closed","template":"","meta":[],"_links":{"self":[{"href":"https:\/\/alquilepe.es\/index.php?rest_route=\/wp\/v2\/pages\/337"}],"collection":[{"href":"https:\/\/alquilepe.es\/index.php?rest_route=\/wp\/v2\/pages"}],"about":[{"href":"https:\/\/alquilepe.es\/index.php?rest_route=\/wp\/v2\/types\/page"}],"author":[{"embeddable":true,"href":"https:\/\/alquilepe.es\/index.php?rest_route=\/wp\/v2\/users\/1"}],"replies":[{"embeddable":true,"href":"https:\/\/alquilepe.es\/index.php?rest_route=%2Fwp%2Fv2%2Fcomments&post=337"}],"version-history":[{"count":5,"href":"https:\/\/alquilepe.es\/index.php?rest_route=\/wp\/v2\/pages\/337\/revisions"}],"predecessor-version":[{"id":401,"href":"https:\/\/alquilepe.es\/index.php?rest_route=\/wp\/v2\/pages\/337\/revisions\/401"}],"wp:attachment":[{"href":"https:\/\/alquilepe.es\/index.php?rest_route=%2Fwp%2Fv2%2Fmedia&parent=337"}],"curies":[{"name":"wp","href":"https:\/\/api.w.org\/{rel}","templated":true}]}}