{"id":323,"date":"2020-10-20T23:23:09","date_gmt":"2020-10-20T23:23:09","guid":{"rendered":"http:\/\/alquilepe.es\/?page_id=323"},"modified":"2020-10-21T10:52:10","modified_gmt":"2020-10-21T10:52:10","slug":"politica-de-cookies","status":"publish","type":"page","link":"https:\/\/alquilepe.es\/?page_id=323","title":{"rendered":"Pol\u00edtica de cookies"},"content":{"rendered":"\n<p>Las cookies son peque\u00f1as cantidades de informaci\u00f3n que se almacenan en el navegador utilizado por cada usuario para que el servidor recuerde cierta informaci\u00f3n que posteriormente pueda utilizar.<\/p>\n\n\n\n<p><strong>TIPOS DE COOKIES QUE UTILIZAMOS<\/strong><\/p>\n\n\n\n<p>Esta p\u00e1gina web utiliza cookies de terceros que son aquellas que se env\u00edan a tu ordenador o terminal desde un dominio o una p\u00e1gina web que no es gestionada por nosotros, sino por otra entidad que trata los datos obtenidos a trav\u00e9s de las cookies.<\/p>\n\n\n\n<p>En este caso las Cookies son utilizadas con fines estad\u00edsticos relacionados con las visitas que recibe y las p\u00e1ginas que se consultan, quedando aceptado su uso al navegar por ella.<\/p>\n\n\n\n<figure class=\"wp-block-table\"><table><tbody><tr><td><strong>COOKIE<br>(Y PROVEEDOR)<\/strong><\/td><td><strong>DURACI\u00d3N<\/strong><\/td><td><strong>DESCRIPCI\u00d3N<\/strong><\/td><\/tr><tr><td>__cfduid (notin.es)<\/td><td>Sesi\u00f3n<\/td><td>Publicidad<\/td><\/tr><tr><td>personalization_id (twitter.com)<\/td><td>Sesi\u00f3n<\/td><td>Twitter<\/td><\/tr><tr><td>Facebook<\/td><td>Publicidad, estad\u00edsticas y mediciones<\/td><td>Coloca Cookies en el ordenador o dispositivo y recibe la informaci\u00f3n almacenada en ellas cuando utilizas o visitas servicios prestados por otras empresas que utilizan los servicios de Facebook.<\/td><\/tr><tr><td>_ga (Google)<\/td><td>2 a\u00f1os<\/td><td>Se usa para distinguir a los usuarios.<\/td><\/tr><tr><td>_gid (Google)<\/td><td>24 horas<\/td><td>Se usa para distinguir a los usuarios.<\/td><\/tr><tr><td>_gat (Google)<\/td><td>1&nbsp;minuto<\/td><td>Se usa para limitar el porcentaje de solicitudes. Si has implementado Google Analytics mediante Google&nbsp;Tag&nbsp;Manager, esta cookie se llamar\u00e1 _dc_gtm_&lt;property-id&gt;.<\/td><\/tr><tr><td>_gali (Google)<\/td><td>30s<\/td><td>Atribuci\u00f3n de enlace mejorada.<\/td><\/tr><tr><td>_unam (SHARETHIS)<\/td><td>Persistente<\/td><td>Su finalidad es cuantificar el n\u00famero de Usuarios que comparten un determinado contenido y cu\u00e1ntas p\u00e1ginas web son visitadas a ra\u00edz de esa acci\u00f3n.<\/td><\/tr><tr><td>WordPress<\/td><td>2 a\u00f1os<\/td><td>Utilizado para el correcto funcionamiento del gestor de contenido WordPress.<\/td><\/tr><\/tbody><\/table><\/figure>\n\n\n\n<p>Si desea m\u00e1s informaci\u00f3n m\u00e1s sobre los tipos de cookies de seguimiento y an\u00e1lisis de datos de Google&nbsp;<a href=\"https:\/\/www.google.com\/intl\/es_es\/policies\/technologies\/types\/\" target=\"_blank\" rel=\"noreferrer noopener\">haga clic aqu\u00ed<\/a>.<\/p>\n\n\n\n<p>Para informarse sobre c\u00f3mo eliminar las cookies de su explorador:<\/p>\n\n\n\n<ul><li><a href=\"https:\/\/support.mozilla.org\/es\/kb\/habilitar-y-deshabilitar-cookies-sitios-web-rastrear-preferencias\" target=\"_blank\" rel=\"noreferrer noopener\">Firefox<\/a><\/li><li><a href=\"https:\/\/support.google.com\/chrome\/answer\/95647?hl=es\" target=\"_blank\" rel=\"noreferrer noopener\">Chrome<\/a><\/li><li><a href=\"https:\/\/ceporros.com\">Internet Explorer<\/a><\/li><li><a href=\"https:\/\/support.apple.com\/kb\/PH19214?viewlocale=es_ES&amp;locale=es_ES\" target=\"_blank\" rel=\"noreferrer noopener\">Safari<\/a><\/li><\/ul>\n","protected":false},"excerpt":{"rendered":"<p>Las cookies son peque\u00f1as cantidades de informaci\u00f3n que se almacenan en el navegador utilizado por cada usuario para que el servidor recuerde cierta informaci\u00f3n que posteriormente pueda utilizar. TIPOS DE COOKIES QUE UTILIZAMOS Esta p\u00e1gina web utiliza cookies de terceros que son aquellas que se env\u00edan a tu ordenador o terminal desde un dominio o [&hellip;]<\/p>\n","protected":false},"author":1,"featured_media":0,"parent":0,"menu_order":0,"comment_status":"closed","ping_status":"closed","template":"","meta":[],"_links":{"self":[{"href":"https:\/\/alquilepe.es\/index.php?rest_route=\/wp\/v2\/pages\/323"}],"collection":[{"href":"https:\/\/alquilepe.es\/index.php?rest_route=\/wp\/v2\/pages"}],"about":[{"href":"https:\/\/alquilepe.es\/index.php?rest_route=\/wp\/v2\/types\/page"}],"author":[{"embeddable":true,"href":"https:\/\/alquilepe.es\/index.php?rest_route=\/wp\/v2\/users\/1"}],"replies":[{"embeddable":true,"href":"https:\/\/alquilepe.es\/index.php?rest_route=%2Fwp%2Fv2%2Fcomments&post=323"}],"version-history":[{"count":2,"href":"https:\/\/alquilepe.es\/index.php?rest_route=\/wp\/v2\/pages\/323\/revisions"}],"predecessor-version":[{"id":417,"href":"https:\/\/alquilepe.es\/index.php?rest_route=\/wp\/v2\/pages\/323\/revisions\/417"}],"wp:attachment":[{"href":"https:\/\/alquilepe.es\/index.php?rest_route=%2Fwp%2Fv2%2Fmedia&parent=323"}],"curies":[{"name":"wp","href":"https:\/\/api.w.org\/{rel}","templated":true}]}}