{"id":2,"date":"2020-10-19T19:46:29","date_gmt":"2020-10-19T19:46:29","guid":{"rendered":"http:\/\/alquilepe.es\/?page_id=2"},"modified":"2021-08-20T13:36:27","modified_gmt":"2021-08-20T13:36:27","slug":"pagina-ejemplo","status":"publish","type":"page","link":"https:\/\/alquilepe.es\/","title":{"rendered":"Qui\u00e9nes somos"},"content":{"rendered":"\n<p>Alquilepe nace como una empresa con un ambicioso objetivo: <strong>Adaptarse al ritmo cambiante de la sociedad, as\u00ed como a sus demandas<\/strong>. Gracias al car\u00e1cter multidisciplinar de esta empresa, se consigue personalizar al m\u00e1ximo el producto con el que se satisface las necesidades del cliente.<\/p>\n\n\n\n<p>A d\u00eda de hoy, Alquilepe cuenta con un amplio recorrido empresarial, as\u00ed como una cartera desmesurada de <strong>proyectos que la avalan<\/strong>.<\/p>\n\n\n\n<figure class=\"wp-block-image size-large\"><img loading=\"lazy\" width=\"1024\" height=\"576\" src=\"http:\/\/alquilepe.es\/wp-content\/uploads\/2020\/10\/Imagen1-1024x576.png\" alt=\"\" class=\"wp-image-288\" srcset=\"https:\/\/alquilepe.es\/wp-content\/uploads\/2020\/10\/Imagen1-1024x576.png 1024w, https:\/\/alquilepe.es\/wp-content\/uploads\/2020\/10\/Imagen1-300x169.png 300w, https:\/\/alquilepe.es\/wp-content\/uploads\/2020\/10\/Imagen1-768x432.png 768w, https:\/\/alquilepe.es\/wp-content\/uploads\/2020\/10\/Imagen1-1536x864.png 1536w, https:\/\/alquilepe.es\/wp-content\/uploads\/2020\/10\/Imagen1.png 2000w\" sizes=\"(max-width: 1024px) 100vw, 1024px\" \/><\/figure>\n\n\n\n<p>Somos <strong>l\u00edderes en el mundo de la construcci\u00f3n en prefabricado<\/strong>, tanto en el denominado &#8220;panel sandwich&#8221;, como en el ya conocido hormig\u00f3n. Realizamos cualquier tipo de construcci\u00f3n, centr\u00e1ndonos en satisfacer las necesidades del cliente y aportar una soluci\u00f3n acorde con sus necesidades. Todo ello, gracias al equipo humano y t\u00e9cnico con el que contamos.<\/p>\n\n\n\n<br>\n\n\n\n<p><\/p>\n\n\n\n<div class=\"wp-block-media-text alignwide is-stacked-on-mobile\" style=\"grid-template-columns:31% auto\"><figure class=\"wp-block-media-text__media\"><img loading=\"lazy\" width=\"1024\" height=\"576\" src=\"https:\/\/alquilepe.es\/wp-content\/uploads\/2021\/08\/20201107_121204-1024x576.jpg\" alt=\"\" class=\"wp-image-468\" srcset=\"https:\/\/alquilepe.es\/wp-content\/uploads\/2021\/08\/20201107_121204-1024x576.jpg 1024w, https:\/\/alquilepe.es\/wp-content\/uploads\/2021\/08\/20201107_121204-300x169.jpg 300w, https:\/\/alquilepe.es\/wp-content\/uploads\/2021\/08\/20201107_121204-768x432.jpg 768w, https:\/\/alquilepe.es\/wp-content\/uploads\/2021\/08\/20201107_121204-1536x864.jpg 1536w, https:\/\/alquilepe.es\/wp-content\/uploads\/2021\/08\/20201107_121204-2048x1152.jpg 2048w\" sizes=\"(max-width: 1024px) 100vw, 1024px\" \/><\/figure><div class=\"wp-block-media-text__content\">\n<p>Tenemos un amplio cat\u00e1lago de servicios que podemos ofrecerte, somos una de las empresas mas competitivas tanto en precio como en calidad dentro de nuestro sector.<\/p>\n\n\n\n<p>S\u00f3lo cu\u00e9ntenos que tiene en mente, y&nbsp;<strong>nosotros lo haremos realidad.<\/strong><\/p>\n\n\n\n<b><a href=\"http:\/\/alquilepe.es\/?page_id=235\">\u00a1Cont\u00e1ctanos!<\/a><\/b>\n\n\n\n<p><\/p>\n<\/div><\/div>\n\n\n\n<p><\/p>\n","protected":false},"excerpt":{"rendered":"<p>Alquilepe nace como una empresa con un ambicioso objetivo: Adaptarse al ritmo cambiante de la sociedad, as\u00ed como a sus demandas. Gracias al car\u00e1cter multidisciplinar de esta empresa, se consigue personalizar al m\u00e1ximo el producto con el que se satisface las necesidades del cliente. A d\u00eda de hoy, Alquilepe cuenta con un amplio recorrido empresarial, [&hellip;]<\/p>\n","protected":false},"author":1,"featured_media":0,"parent":0,"menu_order":0,"comment_status":"closed","ping_status":"open","template":"","meta":[],"_links":{"self":[{"href":"https:\/\/alquilepe.es\/index.php?rest_route=\/wp\/v2\/pages\/2"}],"collection":[{"href":"https:\/\/alquilepe.es\/index.php?rest_route=\/wp\/v2\/pages"}],"about":[{"href":"https:\/\/alquilepe.es\/index.php?rest_route=\/wp\/v2\/types\/page"}],"author":[{"embeddable":true,"href":"https:\/\/alquilepe.es\/index.php?rest_route=\/wp\/v2\/users\/1"}],"replies":[{"embeddable":true,"href":"https:\/\/alquilepe.es\/index.php?rest_route=%2Fwp%2Fv2%2Fcomments&post=2"}],"version-history":[{"count":16,"href":"https:\/\/alquilepe.es\/index.php?rest_route=\/wp\/v2\/pages\/2\/revisions"}],"predecessor-version":[{"id":469,"href":"https:\/\/alquilepe.es\/index.php?rest_route=\/wp\/v2\/pages\/2\/revisions\/469"}],"wp:attachment":[{"href":"https:\/\/alquilepe.es\/index.php?rest_route=%2Fwp%2Fv2%2Fmedia&parent=2"}],"curies":[{"name":"wp","href":"https:\/\/api.w.org\/{rel}","templated":true}]}}